{"id":9,"date":"2020-04-08T11:51:00","date_gmt":"2020-04-08T11:51:00","guid":{"rendered":"http:\/\/www.drlukas.at\/?page_id=9"},"modified":"2026-04-07T04:44:17","modified_gmt":"2026-04-07T04:44:17","slug":"information","status":"publish","type":"page","link":"https:\/\/www.drlukas.at\/","title":{"rendered":"Information"},"content":{"rendered":"\n<div class=\"wp-block-columns\">\n<div class=\"wp-block-column\">\n<h3 class=\"has-medium-font-size\">\u00d6ffnungszeiten<\/h3>\n\n\n\n<figure class=\"wp-block-table is-style-stripes\"><table class=\"has-background\" style=\"background-color:#e7f5fe\"><tbody><tr><td>Montag<\/td><td class=\"has-text-align-right\" data-align=\"right\">12 &#8211; 17 Uhr<\/td><\/tr><tr><td>Dienstag<\/td><td class=\"has-text-align-right\" data-align=\"right\">  7 &#8211; 12 Uhr<\/td><\/tr><tr><td>Mittwoch<\/td><td class=\"has-text-align-right\" data-align=\"right\">12 &#8211; 17 Uhr<\/td><\/tr><tr><td>Donnerstag<\/td><td class=\"has-text-align-right\" data-align=\"right\">  7 &#8211; 12 Uhr<\/td><\/tr><tr><td>Freitag<\/td><td class=\"has-text-align-right\" data-align=\"right\">  7 &#8211; 12 Uhr<\/td><\/tr><\/tbody><\/table><\/figure>\n<\/div>\n\n\n\n<div class=\"wp-block-column\">\n<h3 class=\"has-medium-font-size\">Kontakt<\/h3>\n\n\n\n<p class=\"has-medium-font-size\">Theresiengasse 20-24\/2\/2<br>1180 Wien<br>Telefon:&nbsp;01\/406 93 63<br>E-Mail:&nbsp;<a href=\"mailto:ordi@drlukas.at?subject=Kontakt\">ordi@drlukas.at<\/a><\/p>\n\n\n\n<figure class=\"wp-block-image size-large is-resized is-style-rounded\"><a href=\"https:\/\/www.google.com\/maps\/place\/Dr.+Alina+Lukas\/@48.2192889,16.3391395,17z\/data=!3m1!4b1!4m5!3m4!1s0x476d07dcae093f05:0xa97a9c1ed7e30187!8m2!3d48.2192853!4d16.3413282\" target=\"_blank\" rel=\"noopener noreferrer\"><img src=\"https:\/\/www.drlukas.at\/wp-content\/uploads\/2020\/04\/Google-maps-e1586607258547.png\" alt=\"\" class=\"wp-image-53\" width=\"50\"\/><\/a><\/figure>\n\n\n\n<p><\/p>\n<\/div>\n<\/div>\n\n\n<div class=\"su-spacer\" style=\"height:20px\"><\/div>\n\n\n\n<p><\/p>\n\n\n\n<p class=\"has-vivid-red-color has-text-color has-medium-font-size\"><strong>Bitte vermeiden Sie telefonische<\/strong> <strong>Anfragen<\/strong>, da die Telefonleitungen \u00fcberlastet sind und wir den normalen Ordinationsbetrieb f\u00fcr Sie aufrechterhalten wollen.<br><strong>Sie erreichen uns einfacher per E-Mail (<a href=\"mailto:ordi@drlukas.at?subject=Anliegen\" data-type=\"mailto\" data-id=\"mailto:ordi@drlukas.at?subject=Anliegen\">ordi@drlukas.at<\/a>) w\u00e4hrend und au\u00dferhalb der Ordinationszeiten. <br>Wir werden Ihr Anliegen so rasch, wie nur m\u00f6glich, angehen.<\/strong><\/p>\n\n\n\n<div class=\"wp-block-image\"><figure class=\"aligncenter size-large is-resized\"><img loading=\"lazy\" src=\"https:\/\/www.drlukas.at\/wp-content\/uploads\/2020\/04\/IMG_0676-784x1024.png\" alt=\"\" class=\"wp-image-84\" width=\"148\" height=\"201\"\/><\/figure><\/div>\n\n\n\n<p><\/p>\n\n\n\n<p class=\"has-vivid-red-color has-text-color has-medium-font-size\"><strong>Bitte reservieren Sie einen Termin durch unser <a href=\"https:\/\/www.drlukas.at\/?page_id=243\" data-type=\"URL\" data-id=\"https:\/\/www.drlukas.at\/?page_id=243\" target=\"_blank\" rel=\"noreferrer noopener\">Online Terminreservierungssystem<\/a> um lange Wartezeiten in der Ordination zu vermeiden. <\/strong><\/p>\n\n\n\n<p class=\"has-medium-font-size\">&#8211; <strong>REZEPTE<\/strong> f\u00fcr&nbsp;<strong>DAUERMEDIKAMENTE&nbsp;<\/strong>k\u00f6nnen&nbsp;telefonisch unter der Nummer 01\/406 93 63, per&nbsp;Fax unter der Nummer 01\/403 23 69&nbsp;oder per&nbsp;E-Mail unter <a href=\"mailto:ordi@drlukas.at?subject=Rezept\">ordi@drlukas.at<\/a>&nbsp;bestellt werden. Diese werden \u00fcber die E-Medikation (elektronische Medikation) gespeichert und in jeder Apotheke eingel\u00f6st oder in meiner Ordination abgeholt.<\/p>\n\n\n\n<p class=\"has-medium-font-size\">&#8211;&nbsp;<strong>HAUSBESUCHE<\/strong>&nbsp;finden ausschlie\u00dflich nach&nbsp;<strong>TELEFONISCHER  ODER E-MAIL (<a href=\"mailto:ordi@drlukas.at?subject=Hausbesuch\">ordi@drlukas.at<\/a>) VORANMELDUNG<\/strong>&nbsp;statt.<\/p>\n\n\n\n<p class=\"has-medium-font-size\">&#8211;&nbsp;<strong>ROUTINET\u00c4TIGKEITEN<\/strong>&nbsp;wie Vorsorgeuntersuchungen, Kurantr\u00e4ge, Atteste, Blutabnahmen, Impfungen und dergleichen werden gemacht<strong>.<\/strong><\/p>\n\n\n\n<p class=\"has-medium-font-size\"> &#8211;&nbsp;<strong>IMPFUNGEN: <\/strong>Grippe- und Coronaimpfungen werden nur nach Terminvereinbarung gemacht<strong>.<\/strong> <\/p>\n\n\n<div class=\"su-divider su-divider-style-default\" style=\"margin:15px 0;border-width:3px;border-color:#999999\"><a href=\"#\" style=\"color:#999999\">zum Seitenanfang<\/a><\/div>\n","protected":false},"excerpt":{"rendered":"<p>\u00d6ffnungszeiten Montag 12 &#8211; 17 Uhr Dienstag 7 &#8211; 12 Uhr Mittwoch 12 &#8211; 17 Uhr Donnerstag 7 &#8211; 12 Uhr Freitag 7 &#8211; 12 Uhr Kontakt Theresiengasse 20-24\/2\/21180 WienTelefon:&nbsp;01\/406 93 63E-Mail:&nbsp;ordi@drlukas.at Bitte vermeiden Sie telefonische Anfragen, da die Telefonleitungen \u00fcberlastet sind und wir den normalen Ordinationsbetrieb f\u00fcr Sie aufrechterhalten wollen.Sie erreichen uns einfacher per [&hellip;]<\/p>\n","protected":false},"author":1,"featured_media":0,"parent":0,"menu_order":0,"comment_status":"closed","ping_status":"closed","template":"","meta":[],"_links":{"self":[{"href":"https:\/\/www.drlukas.at\/index.php?rest_route=\/wp\/v2\/pages\/9"}],"collection":[{"href":"https:\/\/www.drlukas.at\/index.php?rest_route=\/wp\/v2\/pages"}],"about":[{"href":"https:\/\/www.drlukas.at\/index.php?rest_route=\/wp\/v2\/types\/page"}],"author":[{"embeddable":true,"href":"https:\/\/www.drlukas.at\/index.php?rest_route=\/wp\/v2\/users\/1"}],"replies":[{"embeddable":true,"href":"https:\/\/www.drlukas.at\/index.php?rest_route=%2Fwp%2Fv2%2Fcomments&post=9"}],"version-history":[{"count":201,"href":"https:\/\/www.drlukas.at\/index.php?rest_route=\/wp\/v2\/pages\/9\/revisions"}],"predecessor-version":[{"id":664,"href":"https:\/\/www.drlukas.at\/index.php?rest_route=\/wp\/v2\/pages\/9\/revisions\/664"}],"wp:attachment":[{"href":"https:\/\/www.drlukas.at\/index.php?rest_route=%2Fwp%2Fv2%2Fmedia&parent=9"}],"curies":[{"name":"wp","href":"https:\/\/api.w.org\/{rel}","templated":true}]}}